{"id":266,"date":"2017-03-08T16:07:51","date_gmt":"2017-03-08T15:07:51","guid":{"rendered":"http:\/\/inspire-desire.com\/stanfel\/?page_id=266&#038;lang=de"},"modified":"2017-03-13T18:47:52","modified_gmt":"2017-03-13T17:47:52","slug":"kontakt","status":"publish","type":"page","link":"https:\/\/stanfel.si\/de\/kontakt\/","title":{"rendered":"Kontakt"},"content":{"rendered":"<p><strong>Wo sind wir<\/strong><\/p>\n<p>Unseren Bauerntourismus finden Sie im Dorf SABOTIN, 10 Minuten von Nova Gorica entfernt. Er ist der Erste nach dem Erreichen von Goriska Brda und der Letzte f\u00fcr G\u00e4ste, die Goriska Brda verlassen. Die einfachste Zufahrt ist aus Nova Gorica.<\/p>\n<p>In SOLKAN biegen Sie nach links \u00fcber die Br\u00fccke ab und dann beginnt der Osimski Korridor. Wenn Sie fast durch den langgezogenen Ort Podsabotin gefahren sind und die Strasse leicht ansteigend Richtung HUM f\u00fchrt, biegen Sie rechts \u00fcber eine kleine Br\u00fccke ab und nach ca.600m erreichen Sie den Bauertourismus STANFEL&nbsp;<\/p>\n<p>Letali\u0161\u010de Brnik 140km&nbsp; Flughafen LAIBACH-BRNIK&nbsp;<br \/>\nLetali\u0161\u010de Ronci dei Legionari 25 km Flughafen TRIEST-RONCI dei LEGIONARI&nbsp;<br \/>\nBenetke 120 km&nbsp;&nbsp; VENEDIG&nbsp;<br \/>\nCelovec 200km&nbsp;&nbsp;&nbsp;&nbsp; KLAGENFURT<\/p>\n<p>&nbsp;<\/p>\n<p><iframe loading=\"lazy\" style=\"border: 0;\" src=\"https:\/\/www.google.com\/maps\/embed?pb=!1m18!1m12!1m3!1d2771.3093688805234!2d13.593577015952635!3d46.00501707911096!2m3!1f0!2f0!3f0!3m2!1i1024!2i768!4f13.1!3m3!1m2!1s0x477baab6d771a7b9%3A0xd1395b454ece6dd9!2sTuristi%C4%8Dna+kmetija+%C5%A0tanfel%2C+sobe+in+vinarstvo%2C+d.o.o.!5e0!3m2!1ssl!2ssi!4v1488444808408\" allowfullscreen=\"allowfullscreen\" width=\"100%\" height=\"200\" frameborder=\"0\"><\/iframe><\/p>\n<p>&nbsp;<\/p>\n<p><strong>Kontakt<br \/>\nBauerntourismus STANFEL GmbH<\/strong><br \/>\n\u0160tefan \u0160tanfel<br \/>\nPodsabotin 5<br \/>\n5211 Kojsko<br \/>\nSlovenija<\/p>\n<p><strong>\u00d6ffnungszeiten<br \/>\nFreitag, Samstag und Sonntag<br \/>\n<\/strong>f\u00fcr angemeldete G\u00e4ste auch w\u00e4hrend der Woche, Haustiere sind erlaubt<\/p>\n<p><strong>TEL:<\/strong>&nbsp;00386 (0) 31 680 297<br \/>\n<strong>TEL:<\/strong>&nbsp;00386 (05) 304 62 52<\/p>\n<p><strong>E-MAIL:<\/strong>&nbsp;<a href=\"mailto:stefan@stanfel.si\">stefan@stanfel.si<\/a><\/p>\n<p>&nbsp;<\/p>\n<p>&nbsp;<\/p>\n\n<div class=\"wpcf7 no-js\" id=\"wpcf7-f346-o1\" lang=\"sl-SI\" dir=\"ltr\">\n<div class=\"screen-reader-response\"><p role=\"status\" aria-live=\"polite\" aria-atomic=\"true\"><\/p> <ul><\/ul><\/div>\n<form action=\"\/de\/wp-json\/wp\/v2\/pages\/266#wpcf7-f346-o1\" method=\"post\" class=\"wpcf7-form init\" aria-label=\"Contact form\" novalidate=\"novalidate\" data-status=\"init\">\n<div style=\"display: none;\">\n<input type=\"hidden\" name=\"_wpcf7\" value=\"346\" \/>\n<input type=\"hidden\" name=\"_wpcf7_version\" value=\"5.9.2\" \/>\n<input type=\"hidden\" name=\"_wpcf7_locale\" value=\"sl_SI\" \/>\n<input type=\"hidden\" name=\"_wpcf7_unit_tag\" value=\"wpcf7-f346-o1\" \/>\n<input type=\"hidden\" name=\"_wpcf7_container_post\" value=\"0\" \/>\n<input type=\"hidden\" name=\"_wpcf7_posted_data_hash\" value=\"\" \/>\n<input type=\"hidden\" name=\"_wpcf7_recaptcha_response\" value=\"\" \/>\n<\/div>\n<p><label> Name und Vorname*<br \/>\n<span class=\"wpcf7-form-control-wrap\" data-name=\"name\"><input size=\"40\" class=\"wpcf7-form-control wpcf7-text wpcf7-validates-as-required\" aria-required=\"true\" aria-invalid=\"false\" value=\"\" type=\"text\" name=\"name\" \/><\/span> <\/label>\n<\/p>\n<p><label> Email*<br \/>\n<span class=\"wpcf7-form-control-wrap\" data-name=\"email\"><input size=\"40\" class=\"wpcf7-form-control wpcf7-email wpcf7-validates-as-required wpcf7-text wpcf7-validates-as-email\" aria-required=\"true\" aria-invalid=\"false\" value=\"\" type=\"email\" name=\"email\" \/><\/span> <\/label>\n<\/p>\n<p><label> Nachtricht<br \/>\n<span class=\"wpcf7-form-control-wrap\" data-name=\"message\"><textarea cols=\"40\" rows=\"10\" class=\"wpcf7-form-control wpcf7-textarea\" aria-invalid=\"false\" name=\"message\"><\/textarea><\/span> <\/label>\n<\/p>\n\n<p><input class=\"wpcf7-form-control wpcf7-submit has-spinner\" type=\"submit\" value=\"Schicken\" \/>\n<\/p><div class=\"wpcf7-response-output\" aria-hidden=\"true\"><\/div>\n<\/form>\n<\/div>\n\n<p>&nbsp;<\/p>\n","protected":false},"excerpt":{"rendered":"<p>Wo sind wir Unseren Bauerntourismus finden Sie im Dorf SABOTIN, 10 Minuten von Nova Gorica entfernt. Er ist der Erste nach dem Erreichen von Goriska Brda und der Letzte f\u00fcr G\u00e4ste, die Goriska Brda verlassen. Die einfachste Zufahrt ist aus Nova Gorica. In SOLKAN biegen Sie nach links \u00fcber die Br\u00fccke ab und dann beginnt <a class=\"more-link\" href=\"https:\/\/stanfel.si\/de\/kontakt\/\">Continue reading <i class=\"fa fa-chevron-right\"><\/i><\/a><\/p>\n","protected":false},"author":1,"featured_media":318,"parent":0,"menu_order":0,"comment_status":"closed","ping_status":"closed","template":"page-fullwidth.php","meta":{"ngg_post_thumbnail":0,"footnotes":""},"aioseo_notices":[],"_links":{"self":[{"href":"https:\/\/stanfel.si\/de\/wp-json\/wp\/v2\/pages\/266"}],"collection":[{"href":"https:\/\/stanfel.si\/de\/wp-json\/wp\/v2\/pages"}],"about":[{"href":"https:\/\/stanfel.si\/de\/wp-json\/wp\/v2\/types\/page"}],"author":[{"embeddable":true,"href":"https:\/\/stanfel.si\/de\/wp-json\/wp\/v2\/users\/1"}],"replies":[{"embeddable":true,"href":"https:\/\/stanfel.si\/de\/wp-json\/wp\/v2\/comments?post=266"}],"version-history":[{"count":4,"href":"https:\/\/stanfel.si\/de\/wp-json\/wp\/v2\/pages\/266\/revisions"}],"predecessor-version":[{"id":347,"href":"https:\/\/stanfel.si\/de\/wp-json\/wp\/v2\/pages\/266\/revisions\/347"}],"wp:featuredmedia":[{"embeddable":true,"href":"https:\/\/stanfel.si\/de\/wp-json\/wp\/v2\/media\/318"}],"wp:attachment":[{"href":"https:\/\/stanfel.si\/de\/wp-json\/wp\/v2\/media?parent=266"}],"curies":[{"name":"wp","href":"https:\/\/api.w.org\/{rel}","templated":true}]}}