{"id":234,"date":"2017-03-06T19:23:51","date_gmt":"2017-03-06T18:23:51","guid":{"rendered":"http:\/\/inspire-desire.com\/stanfel\/?page_id=234&#038;lang=de"},"modified":"2019-03-27T09:58:47","modified_gmt":"2019-03-27T08:58:47","slug":"praesentationen","status":"publish","type":"page","link":"https:\/\/stanfel.si\/de\/","title":{"rendered":"Pr\u00e4sentationen"},"content":{"rendered":"<h1><strong>Herzlich Willkommen!<\/strong><\/h1>\n<p style=\"margin: 4.2pt 0cm 9.6pt 0cm;\"><span lang=\"EN-US\">Durch einen der Eing\u00e4nge nach Goriska Brda im kleinen Ort PODSABOTIN erreichen Sie den Bauerntourismus STANFEL. Sie finden ihn im idyllischen Weiher VAMORJE von gr\u00fcn umgeben, hei\u00dfen wir Sie herzlich willkommen. Wir werden Sie mit Spitzenweinen und Speisen nach Rezepten unserer Gro\u00dfmutter verw\u00f6hnen, und anschlie\u00dfend k\u00f6nnen Sie sich, in unseren mit Stilm\u00f6bel ausgestatteten Zimmern erholen.<\/span><\/p>\n<p>&nbsp;<\/p>\n<div class=\"panel panel-info \">\n<div class=\"panel-heading\">\n<span id=\"result_box\" class=\"short_text\" lang=\"de\"><span class=\"\">Nachrichten<\/span><\/span><\/div>\n<div class=\"panel-body\"><strong><span id=\"result_box\" class=\"\" lang=\"de\">Geburtstage <span class=\"\">und Jubil\u00e4en<\/span><\/span><br \/>\n<\/strong><\/p>\n<p><span id=\"result_box\" class=\"\" lang=\"de\"><span class=\"\">Nur<\/span> <span class=\"\">ein Zimmer in unserem<\/span> Bauernhof zu einem unvergesslichen Fest mit Freunden zu buchen!<\/span><\/p>\n<p><strong><span id=\"result_box\" class=\"\" lang=\"de\">Reservierungen<span class=\"\">:<\/span><\/span>:&nbsp;+386 31 680 297&nbsp;<\/strong><\/div>\n<\/div>\n<p>&nbsp;<\/p>\n<!-- index.php -->\n<div\n\tclass=\"ngg-galleryoverview\n\t ngg-ajax-pagination-none\t\"\n\tid=\"ngg-gallery-fe2469f855fba339e9c4ec65244a9fdb-1\">\n\n\t\t\t<!-- Thumbnails -->\n\t\t\t\t<div id=\"ngg-image-0\" class=\"ngg-gallery-thumbnail-box\" \n\t\t\t\t\t\t\t\t\t\t\t>\n\t\t\t\t\t\t<div class=\"ngg-gallery-thumbnail\">\n\t\t\t<a href=\"https:\/\/stanfel.si\/wp-content\/gallery\/prva\/001_MG_6818.jpg\"\n\t\t\t\ttitle=\"\"\n\t\t\t\tdata-src=\"https:\/\/stanfel.si\/wp-content\/gallery\/prva\/001_MG_6818.jpg\"\n\t\t\t\tdata-thumbnail=\"https:\/\/stanfel.si\/wp-content\/gallery\/prva\/thumbs\/thumbs_001_MG_6818.jpg\"\n\t\t\t\tdata-image-id=\"36\"\n\t\t\t\tdata-title=\"001_MG_6818\"\n\t\t\t\tdata-description=\"\"\n\t\t\t\tdata-image-slug=\"001_mg_6818-2\"\n\t\t\t\tclass=\"ngg-fancybox\" rel=\"fe2469f855fba339e9c4ec65244a9fdb\">\n\t\t\t\t<img\n\t\t\t\t\ttitle=\"001_MG_6818\"\n\t\t\t\t\talt=\"001_MG_6818\"\n\t\t\t\t\tsrc=\"https:\/\/stanfel.si\/wp-content\/gallery\/prva\/thumbs\/thumbs_001_MG_6818.jpg\"\n\t\t\t\t\twidth=\"240\"\n\t\t\t\t\theight=\"160\"\n\t\t\t\t\tstyle=\"max-width:100%;\"\n\t\t\t\t\/>\n\t\t\t<\/a>\n\t\t<\/div>\n\t\t\t\t\t\t\t<\/div> \n\t\t\t\n\t\t\n\t\t\t\t<div id=\"ngg-image-1\" class=\"ngg-gallery-thumbnail-box\" \n\t\t\t\t\t\t\t\t\t\t\t>\n\t\t\t\t\t\t<div class=\"ngg-gallery-thumbnail\">\n\t\t\t<a href=\"https:\/\/stanfel.si\/wp-content\/gallery\/prva\/002_MG_1585.jpg\"\n\t\t\t\ttitle=\"\"\n\t\t\t\tdata-src=\"https:\/\/stanfel.si\/wp-content\/gallery\/prva\/002_MG_1585.jpg\"\n\t\t\t\tdata-thumbnail=\"https:\/\/stanfel.si\/wp-content\/gallery\/prva\/thumbs\/thumbs_002_MG_1585.jpg\"\n\t\t\t\tdata-image-id=\"37\"\n\t\t\t\tdata-title=\"002_MG_1585\"\n\t\t\t\tdata-description=\"\"\n\t\t\t\tdata-image-slug=\"002_mg_1585-1\"\n\t\t\t\tclass=\"ngg-fancybox\" rel=\"fe2469f855fba339e9c4ec65244a9fdb\">\n\t\t\t\t<img\n\t\t\t\t\ttitle=\"002_MG_1585\"\n\t\t\t\t\talt=\"002_MG_1585\"\n\t\t\t\t\tsrc=\"https:\/\/stanfel.si\/wp-content\/gallery\/prva\/thumbs\/thumbs_002_MG_1585.jpg\"\n\t\t\t\t\twidth=\"240\"\n\t\t\t\t\theight=\"160\"\n\t\t\t\t\tstyle=\"max-width:100%;\"\n\t\t\t\t\/>\n\t\t\t<\/a>\n\t\t<\/div>\n\t\t\t\t\t\t\t<\/div> \n\t\t\t\n\t\t\n\t\t\t\t<div id=\"ngg-image-2\" class=\"ngg-gallery-thumbnail-box\" \n\t\t\t\t\t\t\t\t\t\t\t>\n\t\t\t\t\t\t<div class=\"ngg-gallery-thumbnail\">\n\t\t\t<a href=\"https:\/\/stanfel.si\/wp-content\/gallery\/prva\/003_MG_1589.jpg\"\n\t\t\t\ttitle=\"\"\n\t\t\t\tdata-src=\"https:\/\/stanfel.si\/wp-content\/gallery\/prva\/003_MG_1589.jpg\"\n\t\t\t\tdata-thumbnail=\"https:\/\/stanfel.si\/wp-content\/gallery\/prva\/thumbs\/thumbs_003_MG_1589.jpg\"\n\t\t\t\tdata-image-id=\"38\"\n\t\t\t\tdata-title=\"003_MG_1589\"\n\t\t\t\tdata-description=\"\"\n\t\t\t\tdata-image-slug=\"003_mg_1589-2\"\n\t\t\t\tclass=\"ngg-fancybox\" rel=\"fe2469f855fba339e9c4ec65244a9fdb\">\n\t\t\t\t<img\n\t\t\t\t\ttitle=\"003_MG_1589\"\n\t\t\t\t\talt=\"003_MG_1589\"\n\t\t\t\t\tsrc=\"https:\/\/stanfel.si\/wp-content\/gallery\/prva\/thumbs\/thumbs_003_MG_1589.jpg\"\n\t\t\t\t\twidth=\"240\"\n\t\t\t\t\theight=\"160\"\n\t\t\t\t\tstyle=\"max-width:100%;\"\n\t\t\t\t\/>\n\t\t\t<\/a>\n\t\t<\/div>\n\t\t\t\t\t\t\t<\/div> \n\t\t\t\n\t\t\n\t\t\t\t<div id=\"ngg-image-3\" class=\"ngg-gallery-thumbnail-box\" \n\t\t\t\t\t\t\t\t\t\t\t>\n\t\t\t\t\t\t<div class=\"ngg-gallery-thumbnail\">\n\t\t\t<a href=\"https:\/\/stanfel.si\/wp-content\/gallery\/prva\/022_MG_7082.jpg\"\n\t\t\t\ttitle=\"\"\n\t\t\t\tdata-src=\"https:\/\/stanfel.si\/wp-content\/gallery\/prva\/022_MG_7082.jpg\"\n\t\t\t\tdata-thumbnail=\"https:\/\/stanfel.si\/wp-content\/gallery\/prva\/thumbs\/thumbs_022_MG_7082.jpg\"\n\t\t\t\tdata-image-id=\"39\"\n\t\t\t\tdata-title=\"022_MG_7082\"\n\t\t\t\tdata-description=\"\"\n\t\t\t\tdata-image-slug=\"022_mg_7082\"\n\t\t\t\tclass=\"ngg-fancybox\" rel=\"fe2469f855fba339e9c4ec65244a9fdb\">\n\t\t\t\t<img\n\t\t\t\t\ttitle=\"022_MG_7082\"\n\t\t\t\t\talt=\"022_MG_7082\"\n\t\t\t\t\tsrc=\"https:\/\/stanfel.si\/wp-content\/gallery\/prva\/thumbs\/thumbs_022_MG_7082.jpg\"\n\t\t\t\t\twidth=\"240\"\n\t\t\t\t\theight=\"160\"\n\t\t\t\t\tstyle=\"max-width:100%;\"\n\t\t\t\t\/>\n\t\t\t<\/a>\n\t\t<\/div>\n\t\t\t\t\t\t\t<\/div> \n\t\t\t\n\t\t\n\t\t\t\t<div id=\"ngg-image-4\" class=\"ngg-gallery-thumbnail-box\" \n\t\t\t\t\t\t\t\t\t\t\t>\n\t\t\t\t\t\t<div class=\"ngg-gallery-thumbnail\">\n\t\t\t<a href=\"https:\/\/stanfel.si\/wp-content\/gallery\/prva\/023_MG_6865.jpg\"\n\t\t\t\ttitle=\"\"\n\t\t\t\tdata-src=\"https:\/\/stanfel.si\/wp-content\/gallery\/prva\/023_MG_6865.jpg\"\n\t\t\t\tdata-thumbnail=\"https:\/\/stanfel.si\/wp-content\/gallery\/prva\/thumbs\/thumbs_023_MG_6865.jpg\"\n\t\t\t\tdata-image-id=\"40\"\n\t\t\t\tdata-title=\"023_MG_6865\"\n\t\t\t\tdata-description=\"\"\n\t\t\t\tdata-image-slug=\"023_mg_6865\"\n\t\t\t\tclass=\"ngg-fancybox\" rel=\"fe2469f855fba339e9c4ec65244a9fdb\">\n\t\t\t\t<img\n\t\t\t\t\ttitle=\"023_MG_6865\"\n\t\t\t\t\talt=\"023_MG_6865\"\n\t\t\t\t\tsrc=\"https:\/\/stanfel.si\/wp-content\/gallery\/prva\/thumbs\/thumbs_023_MG_6865.jpg\"\n\t\t\t\t\twidth=\"240\"\n\t\t\t\t\theight=\"160\"\n\t\t\t\t\tstyle=\"max-width:100%;\"\n\t\t\t\t\/>\n\t\t\t<\/a>\n\t\t<\/div>\n\t\t\t\t\t\t\t<\/div> \n\t\t\t\n\t\t\n\t\t\t\t<div id=\"ngg-image-5\" class=\"ngg-gallery-thumbnail-box\" \n\t\t\t\t\t\t\t\t\t\t\t>\n\t\t\t\t\t\t<div class=\"ngg-gallery-thumbnail\">\n\t\t\t<a href=\"https:\/\/stanfel.si\/wp-content\/gallery\/prva\/024_MG_6882.jpg\"\n\t\t\t\ttitle=\"\"\n\t\t\t\tdata-src=\"https:\/\/stanfel.si\/wp-content\/gallery\/prva\/024_MG_6882.jpg\"\n\t\t\t\tdata-thumbnail=\"https:\/\/stanfel.si\/wp-content\/gallery\/prva\/thumbs\/thumbs_024_MG_6882.jpg\"\n\t\t\t\tdata-image-id=\"41\"\n\t\t\t\tdata-title=\"024_MG_6882\"\n\t\t\t\tdata-description=\"\"\n\t\t\t\tdata-image-slug=\"024_mg_6882\"\n\t\t\t\tclass=\"ngg-fancybox\" rel=\"fe2469f855fba339e9c4ec65244a9fdb\">\n\t\t\t\t<img\n\t\t\t\t\ttitle=\"024_MG_6882\"\n\t\t\t\t\talt=\"024_MG_6882\"\n\t\t\t\t\tsrc=\"https:\/\/stanfel.si\/wp-content\/gallery\/prva\/thumbs\/thumbs_024_MG_6882.jpg\"\n\t\t\t\t\twidth=\"240\"\n\t\t\t\t\theight=\"160\"\n\t\t\t\t\tstyle=\"max-width:100%;\"\n\t\t\t\t\/>\n\t\t\t<\/a>\n\t\t<\/div>\n\t\t\t\t\t\t\t<\/div> \n\t\t\t\n\t\t\n\t\t\t\t<div id=\"ngg-image-6\" class=\"ngg-gallery-thumbnail-box\" \n\t\t\t\t\t\t\t\t\t\t\t>\n\t\t\t\t\t\t<div class=\"ngg-gallery-thumbnail\">\n\t\t\t<a href=\"https:\/\/stanfel.si\/wp-content\/gallery\/prva\/025_MG_6891.jpg\"\n\t\t\t\ttitle=\"\"\n\t\t\t\tdata-src=\"https:\/\/stanfel.si\/wp-content\/gallery\/prva\/025_MG_6891.jpg\"\n\t\t\t\tdata-thumbnail=\"https:\/\/stanfel.si\/wp-content\/gallery\/prva\/thumbs\/thumbs_025_MG_6891.jpg\"\n\t\t\t\tdata-image-id=\"42\"\n\t\t\t\tdata-title=\"025_MG_6891\"\n\t\t\t\tdata-description=\"\"\n\t\t\t\tdata-image-slug=\"025_mg_6891-2\"\n\t\t\t\tclass=\"ngg-fancybox\" rel=\"fe2469f855fba339e9c4ec65244a9fdb\">\n\t\t\t\t<img\n\t\t\t\t\ttitle=\"025_MG_6891\"\n\t\t\t\t\talt=\"025_MG_6891\"\n\t\t\t\t\tsrc=\"https:\/\/stanfel.si\/wp-content\/gallery\/prva\/thumbs\/thumbs_025_MG_6891.jpg\"\n\t\t\t\t\twidth=\"240\"\n\t\t\t\t\theight=\"160\"\n\t\t\t\t\tstyle=\"max-width:100%;\"\n\t\t\t\t\/>\n\t\t\t<\/a>\n\t\t<\/div>\n\t\t\t\t\t\t\t<\/div> \n\t\t\t\n\t\t\n\t\t\t\t<div id=\"ngg-image-7\" class=\"ngg-gallery-thumbnail-box\" \n\t\t\t\t\t\t\t\t\t\t\t>\n\t\t\t\t\t\t<div class=\"ngg-gallery-thumbnail\">\n\t\t\t<a href=\"https:\/\/stanfel.si\/wp-content\/gallery\/prva\/026_MG_6899.jpg\"\n\t\t\t\ttitle=\"\"\n\t\t\t\tdata-src=\"https:\/\/stanfel.si\/wp-content\/gallery\/prva\/026_MG_6899.jpg\"\n\t\t\t\tdata-thumbnail=\"https:\/\/stanfel.si\/wp-content\/gallery\/prva\/thumbs\/thumbs_026_MG_6899.jpg\"\n\t\t\t\tdata-image-id=\"43\"\n\t\t\t\tdata-title=\"026_MG_6899\"\n\t\t\t\tdata-description=\"\"\n\t\t\t\tdata-image-slug=\"026_mg_6899\"\n\t\t\t\tclass=\"ngg-fancybox\" rel=\"fe2469f855fba339e9c4ec65244a9fdb\">\n\t\t\t\t<img\n\t\t\t\t\ttitle=\"026_MG_6899\"\n\t\t\t\t\talt=\"026_MG_6899\"\n\t\t\t\t\tsrc=\"https:\/\/stanfel.si\/wp-content\/gallery\/prva\/thumbs\/thumbs_026_MG_6899.jpg\"\n\t\t\t\t\twidth=\"240\"\n\t\t\t\t\theight=\"160\"\n\t\t\t\t\tstyle=\"max-width:100%;\"\n\t\t\t\t\/>\n\t\t\t<\/a>\n\t\t<\/div>\n\t\t\t\t\t\t\t<\/div> \n\t\t\t\n\t\t\n\t\t\t\t<div id=\"ngg-image-8\" class=\"ngg-gallery-thumbnail-box\" \n\t\t\t\t\t\t\t\t\t\t\t>\n\t\t\t\t\t\t<div class=\"ngg-gallery-thumbnail\">\n\t\t\t<a href=\"https:\/\/stanfel.si\/wp-content\/gallery\/prva\/027_MG_6854.jpg\"\n\t\t\t\ttitle=\"\"\n\t\t\t\tdata-src=\"https:\/\/stanfel.si\/wp-content\/gallery\/prva\/027_MG_6854.jpg\"\n\t\t\t\tdata-thumbnail=\"https:\/\/stanfel.si\/wp-content\/gallery\/prva\/thumbs\/thumbs_027_MG_6854.jpg\"\n\t\t\t\tdata-image-id=\"44\"\n\t\t\t\tdata-title=\"027_MG_6854\"\n\t\t\t\tdata-description=\"\"\n\t\t\t\tdata-image-slug=\"027_mg_6854\"\n\t\t\t\tclass=\"ngg-fancybox\" rel=\"fe2469f855fba339e9c4ec65244a9fdb\">\n\t\t\t\t<img\n\t\t\t\t\ttitle=\"027_MG_6854\"\n\t\t\t\t\talt=\"027_MG_6854\"\n\t\t\t\t\tsrc=\"https:\/\/stanfel.si\/wp-content\/gallery\/prva\/thumbs\/thumbs_027_MG_6854.jpg\"\n\t\t\t\t\twidth=\"240\"\n\t\t\t\t\theight=\"160\"\n\t\t\t\t\tstyle=\"max-width:100%;\"\n\t\t\t\t\/>\n\t\t\t<\/a>\n\t\t<\/div>\n\t\t\t\t\t\t\t<\/div> \n\t\t\t\n\t\t\n\t\t\t\t<div id=\"ngg-image-9\" class=\"ngg-gallery-thumbnail-box\" \n\t\t\t\t\t\t\t\t\t\t\t>\n\t\t\t\t\t\t<div class=\"ngg-gallery-thumbnail\">\n\t\t\t<a href=\"https:\/\/stanfel.si\/wp-content\/gallery\/prva\/028_MG_6907.jpg\"\n\t\t\t\ttitle=\"\"\n\t\t\t\tdata-src=\"https:\/\/stanfel.si\/wp-content\/gallery\/prva\/028_MG_6907.jpg\"\n\t\t\t\tdata-thumbnail=\"https:\/\/stanfel.si\/wp-content\/gallery\/prva\/thumbs\/thumbs_028_MG_6907.jpg\"\n\t\t\t\tdata-image-id=\"45\"\n\t\t\t\tdata-title=\"028_MG_6907\"\n\t\t\t\tdata-description=\"\"\n\t\t\t\tdata-image-slug=\"028_mg_6907\"\n\t\t\t\tclass=\"ngg-fancybox\" rel=\"fe2469f855fba339e9c4ec65244a9fdb\">\n\t\t\t\t<img\n\t\t\t\t\ttitle=\"028_MG_6907\"\n\t\t\t\t\talt=\"028_MG_6907\"\n\t\t\t\t\tsrc=\"https:\/\/stanfel.si\/wp-content\/gallery\/prva\/thumbs\/thumbs_028_MG_6907.jpg\"\n\t\t\t\t\twidth=\"240\"\n\t\t\t\t\theight=\"160\"\n\t\t\t\t\tstyle=\"max-width:100%;\"\n\t\t\t\t\/>\n\t\t\t<\/a>\n\t\t<\/div>\n\t\t\t\t\t\t\t<\/div> \n\t\t\t\n\t\t\n\t\t\n\t\t<!-- Pagination -->\n\t\t<div class='ngg-clear'><\/div>\t<\/div>\n<a href=\"http:\/\/www.turisticnekmetije.si\/360\/stanfel\/index.html\" target=\"_blank\" rel=\"noopener\"><span id=\"result_box\" class=\"short_text\" lang=\"de\"><span class=\"\">Ansicht<\/span> <span class=\"\">360-Grad-<\/span><span class=\"\">Fotos<\/span> <span class=\"\">Natursteinh\u00e4user <\/span> <span class=\"\">\u0160tanfel<\/span><span class=\"\">.<\/span><\/span><\/a><\/p>\n","protected":false},"excerpt":{"rendered":"<p>Herzlich Willkommen! Durch einen der Eing\u00e4nge nach Goriska Brda im kleinen Ort PODSABOTIN erreichen Sie den Bauerntourismus STANFEL. Sie finden ihn im idyllischen Weiher VAMORJE von gr\u00fcn umgeben, hei\u00dfen wir Sie herzlich willkommen. Wir werden Sie mit Spitzenweinen und Speisen nach Rezepten unserer Gro\u00dfmutter verw\u00f6hnen, und anschlie\u00dfend k\u00f6nnen Sie sich, in unseren mit Stilm\u00f6bel ausgestatteten <a class=\"more-link\" href=\"https:\/\/stanfel.si\/de\/\">Continue reading <i class=\"fa fa-chevron-right\"><\/i><\/a><\/p>\n","protected":false},"author":1,"featured_media":0,"parent":0,"menu_order":0,"comment_status":"closed","ping_status":"closed","template":"page-fullwidth.php","meta":{"ngg_post_thumbnail":0,"footnotes":""},"aioseo_notices":[],"_links":{"self":[{"href":"https:\/\/stanfel.si\/de\/wp-json\/wp\/v2\/pages\/234"}],"collection":[{"href":"https:\/\/stanfel.si\/de\/wp-json\/wp\/v2\/pages"}],"about":[{"href":"https:\/\/stanfel.si\/de\/wp-json\/wp\/v2\/types\/page"}],"author":[{"embeddable":true,"href":"https:\/\/stanfel.si\/de\/wp-json\/wp\/v2\/users\/1"}],"replies":[{"embeddable":true,"href":"https:\/\/stanfel.si\/de\/wp-json\/wp\/v2\/comments?post=234"}],"version-history":[{"count":10,"href":"https:\/\/stanfel.si\/de\/wp-json\/wp\/v2\/pages\/234\/revisions"}],"predecessor-version":[{"id":593,"href":"https:\/\/stanfel.si\/de\/wp-json\/wp\/v2\/pages\/234\/revisions\/593"}],"wp:attachment":[{"href":"https:\/\/stanfel.si\/de\/wp-json\/wp\/v2\/media?parent=234"}],"curies":[{"name":"wp","href":"https:\/\/api.w.org\/{rel}","templated":true}]}}